{"id":11339,"date":"2025-01-20T15:47:05","date_gmt":"2025-01-20T15:47:05","guid":{"rendered":"https:\/\/partner.meraviglialab.com\/lecce\/?page_id=11339"},"modified":"2025-01-20T16:01:14","modified_gmt":"2025-01-20T16:01:14","slug":"digital-marketing-blog","status":"publish","type":"page","link":"https:\/\/partner.meraviglialab.com\/lecce\/digital-marketing-blog\/","title":{"rendered":"Blog"},"content":{"rendered":"\t\t<div data-elementor-type=\"wp-page\" data-elementor-id=\"11339\" class=\"elementor elementor-11339\" data-elementor-post-type=\"page\">\n\t\t\t\t<div class=\"elementor-element elementor-element-f28d132 e-flex e-con-boxed e-con e-parent\" data-id=\"f28d132\" data-element_type=\"container\">\n\t\t\t\t\t<div class=\"e-con-inner\">\n\t\t<div class=\"elementor-element elementor-element-860a092 e-con-full e-flex e-con e-child\" data-id=\"860a092\" data-element_type=\"container\">\n\t\t\t\t<div class=\"elementor-element elementor-element-69b08c9 elementor-widget elementor-widget-heading\" data-id=\"69b08c9\" data-element_type=\"widget\" data-widget_type=\"heading.default\">\n\t\t\t\t<div class=\"elementor-widget-container\">\n\t\t\t<h2 class=\"elementor-heading-title elementor-size-default\">Digital Marketing Blog<\/h2>\t\t<\/div>\n\t\t\t\t<\/div>\n\t\t\t\t<\/div>\n\t\t<div class=\"elementor-element elementor-element-b1ea698 e-con-full e-flex e-con e-child\" data-id=\"b1ea698\" data-element_type=\"container\">\n\t\t\t\t<div class=\"elementor-element elementor-element-1422257 elementor-widget elementor-widget-heading\" data-id=\"1422257\" data-element_type=\"widget\" data-widget_type=\"heading.default\">\n\t\t\t\t<div class=\"elementor-widget-container\">\n\t\t\t<h2 class=\"elementor-heading-title elementor-size-default\">Scopri i Segreti del Marketing<\/h2>\t\t<\/div>\n\t\t\t\t<\/div>\n\t\t\t\t<div class=\"elementor-element elementor-element-13f9223 elementor-widget elementor-widget-text-editor\" data-id=\"13f9223\" data-element_type=\"widget\" data-widget_type=\"text-editor.default\">\n\t\t\t\t<div class=\"elementor-widget-container\">\n\t\t\t\t\t\t\t<p>Scopri i segreti del Marketing da chi passa tutto il giorno tutti i giorni facendo questo lavoro per attivit\u00e0 come la tua.<br \/>Potrai anche richiedere consulenze gratuite, ottenere guide pratiche su come migliorare la tua attivit\u00e0 online, implementare il tuo business con le ultime novit\u00e0 del Digital Marketing.<\/p>\t\t\t\t\t\t<\/div>\n\t\t\t\t<\/div>\n\t\t\t\t<\/div>\n\t\t\t\t\t<\/div>\n\t\t\t\t<\/div>\n\t\t<div class=\"elementor-element elementor-element-a68b389 e-flex e-con-boxed e-con e-parent\" data-id=\"a68b389\" data-element_type=\"container\">\n\t\t\t\t\t<div class=\"e-con-inner\">\n\t\t\t\t<div class=\"elementor-element elementor-element-4ca011a tpg-wrapper-align-left meta-visibility-show title_position_default title_hover_border_default title-default img_hover_animation_default meta_position_default readmore-btn-default-style grid-hover-overlay-type-always tpg-el-box-border-enable tpg-border-bottom-disable elementor-widget elementor-widget-tpg-grid-layout\" data-id=\"4ca011a\" data-element_type=\"widget\" data-widget_type=\"tpg-grid-layout.default\">\n\t\t\t\t<div class=\"elementor-widget-container\">\n\t\t\t\t\t<div class=\"rt-container-fluid rt-tpg-container tpg-el-main-wrapper clearfix grid-layout3-main \"\n\t\t\t id=\"rt-tpg-container-1375849310\"\n\t\t\t data-layout=\"grid-layout3\"\n\t\t\t data-grid-style=\"tpg-full-height\"\n\t\t\t data-sc-id=\"elementor\"\n\t\t\t data-el-settings=''\n\t\t\t data-el-query=''\n\t\t\t data-el-path=''\n\t\t>\n\n\t\t\t\t\t\t<div class='tpg-header-wrapper '>\n\t\t\t\t\t\t\t<\/div>\n\n\t\t\t<div data-title=\"Loading ...\" class=\"rt-row rt-content-loader grid-layout3 grid-behaviour tpg-full-height grid_layout_wrapper\">\n\t\t\t\t\n<div class=\"rt-col-md-12 rt-col-sm-6 rt-col-xs-12 default rt-grid-item\" data-id=\"11356\">\n\t<div class=\"rt-holder tpg-post-holder\">\n\t\t<div class=\"rt-detail rt-el-content-wrapper\">\n\t\t\t\t\t\t\t<div class=\"rt-img-holder tpg-el-image-wrap has-thumbnail\">\n\t\t\t\t\t<a data-id=\"11356\" href=\"https:\/\/partner.meraviglialab.com\/lecce\/seo-locale-7-azioni-per-ottimizzare-il-tuo-sito-per-i-motori-di-ricerca-a-lecce\/\" class=\"tpg-post-link\" target=\"_self\">                        <img fetchpriority=\"high\" decoding=\"async\" src=\"https:\/\/partner.meraviglialab.com\/lecce\/wp-content\/uploads\/2025\/01\/SEO_Lecce-768x511.jpg\"\n                             class=\"rt-img-responsive\"\n                             width=\"768\"\n                             height=\"511\"\n                             alt=\"SEO Lecce\">\n\t\t\t\t\t\t\n\t\t\t\t\t\t\t\n\t\t<\/a>\n\t\t        <div class=\"overlay grid-hover-content\"><\/div>\n\t\t\t\t\t\t<\/div>\n\t\t\t\n\n\t\t\t<div class=\"entry-title-wrapper\"><h3 class=\"entry-title\"><a data-id=\"11356\" href=\"https:\/\/partner.meraviglialab.com\/lecce\/seo-locale-7-azioni-per-ottimizzare-il-tuo-sito-per-i-motori-di-ricerca-a-lecce\/\" class=\"tpg-post-link\" target=\"_self\">SEO Locale: 7 Azioni per Ottimizzare il Tuo Sito per i Motori di Ricerca a Lecce<\/a><\/h3><\/div>\n\t\t\t\t\t\t\t<div class=\"post-meta-tags rt-el-post-meta\">\n\t\t\t\t\t            <span class='date'>\n\t\t\t\t<i class='far fa-calendar-alt '><\/i>\t\t\t\t                    <a href=\"https:\/\/partner.meraviglialab.com\/lecce\/2025\/01\/20\/\">\n\t\t\t\t\t20 Gennaio 2025\t\t\t\t<\/a>\n\t\t\t\t\t\t\t<\/span>\n\t\t\t\t\t\t\t<\/div>\n\t\t\t\n\t\t\t\t\t\t\t<div class=\"tpg-excerpt tpg-el-excerpt\">\n\t\t\t\t\t\t\t\t\t\t\t<div class=\"tpg-excerpt-inner\">\n\t\t\t\t\t\t\t7 Azioni per Ottimizzare il Tuo Sito Web per i Motori di Ricerca a Lecce con la SEO Locale. Richiedi la tua analisi gratuita Se hai un&#8217;attivit\u00e0 locale a Lecce, comparire tra i primi risultati di...\t\t\t\t\t\t<\/div>\n\t\t\t\t\t\t\t\t\t\t\t\t\t\t<\/div>\n\t\t\t\n\t\t\t        <div class=\"post-footer\">\n            <div class=\"post-footer\">\n                <div class=\"read-more\">\n\t\t\t\t\t<a data-id=\"11356\" href=\"https:\/\/partner.meraviglialab.com\/lecce\/seo-locale-7-azioni-per-ottimizzare-il-tuo-sito-per-i-motori-di-ricerca-a-lecce\/\" class=\"tpg-post-link\" target=\"_self\">Scopri di pi\u00f9<\/a>                <\/div>\n            <\/div>\n        <\/div>\n\t\t\t\t<\/div>\n\t<\/div>\n<\/div>\n\t\t\t<\/div>\n\t\t\t\n\t\t<\/div>\n\t\t\t\t<\/div>\n\t\t\t\t<\/div>\n\t\t\t\t\t<\/div>\n\t\t\t\t<\/div>\n\t\t\t\t<\/div>\n\t\t","protected":false},"excerpt":{"rendered":"<p>Digital Marketing Blog Scopri i Segreti del Marketing Scopri i segreti del Marketing da chi passa tutto il giorno tutti i giorni facendo questo lavoro per attivit\u00e0 come la tua.Potrai anche richiedere consulenze gratuite, ottenere guide pratiche su come migliorare la tua attivit\u00e0 online, implementare il tuo business con le ultime novit\u00e0 del Digital Marketing. [&hellip;]<\/p>\n","protected":false},"author":5,"featured_media":0,"parent":0,"menu_order":0,"comment_status":"closed","ping_status":"closed","template":"","meta":{"om_disable_all_campaigns":false,"_monsterinsights_skip_tracking":false,"_monsterinsights_sitenote_active":false,"_monsterinsights_sitenote_note":"","_monsterinsights_sitenote_category":0,"_uf_show_specific_survey":0,"_uf_disable_surveys":false,"footnotes":""},"class_list":["post-11339","page","type-page","status-publish","hentry","entry","has-media"],"yoast_head":"<!-- This site is optimized with the Yoast SEO plugin v26.2 - https:\/\/yoast.com\/wordpress\/plugins\/seo\/ -->\n<title>Blog - Agenzia marketing Lecce<\/title>\n<meta name=\"description\" content=\"Digital Marketing Blog: Scopri i segreti del mestiere da chi passa tutto il giorno tutti i giorni facendo questo per attivit\u00e0 come la tua.\" \/>\n<meta name=\"robots\" content=\"index, follow, max-snippet:-1, max-image-preview:large, max-video-preview:-1\" \/>\n<link rel=\"canonical\" href=\"https:\/\/partner.meraviglialab.com\/lecce\/digital-marketing-blog\/\" \/>\n<meta property=\"og:locale\" content=\"it_IT\" \/>\n<meta property=\"og:type\" content=\"article\" \/>\n<meta property=\"og:title\" content=\"Blog - Agenzia marketing Lecce\" \/>\n<meta property=\"og:description\" content=\"Digital Marketing Blog: Scopri i segreti del mestiere da chi passa tutto il giorno tutti i giorni facendo questo per attivit\u00e0 come la tua.\" \/>\n<meta property=\"og:url\" content=\"https:\/\/partner.meraviglialab.com\/lecce\/digital-marketing-blog\/\" \/>\n<meta property=\"og:site_name\" content=\"Agenzia marketing Lecce\" \/>\n<meta property=\"article:publisher\" content=\"https:\/\/www.facebook.com\/profile.php?id=61565684433582\" \/>\n<meta property=\"article:modified_time\" content=\"2025-01-20T16:01:14+00:00\" \/>\n<meta property=\"og:image\" content=\"https:\/\/partner.meraviglialab.com\/lecce\/wp-content\/uploads\/2025\/01\/SEO_Lecce-scaled.jpg\" \/>\n\t<meta property=\"og:image:width\" content=\"2560\" \/>\n\t<meta property=\"og:image:height\" content=\"1702\" \/>\n\t<meta property=\"og:image:type\" content=\"image\/jpeg\" \/>\n<meta name=\"twitter:card\" content=\"summary_large_image\" \/>\n<meta name=\"twitter:label1\" content=\"Tempo di lettura stimato\" \/>\n\t<meta name=\"twitter:data1\" content=\"1 minuto\" \/>\n<script type=\"application\/ld+json\" class=\"yoast-schema-graph\">{\"@context\":\"https:\/\/schema.org\",\"@graph\":[{\"@type\":\"WebPage\",\"@id\":\"https:\/\/partner.meraviglialab.com\/lecce\/digital-marketing-blog\/\",\"url\":\"https:\/\/partner.meraviglialab.com\/lecce\/digital-marketing-blog\/\",\"name\":\"Blog - Agenzia marketing Lecce\",\"isPartOf\":{\"@id\":\"https:\/\/partner.meraviglialab.com\/lecce\/#website\"},\"primaryImageOfPage\":{\"@id\":\"https:\/\/partner.meraviglialab.com\/lecce\/digital-marketing-blog\/#primaryimage\"},\"image\":{\"@id\":\"https:\/\/partner.meraviglialab.com\/lecce\/digital-marketing-blog\/#primaryimage\"},\"thumbnailUrl\":\"https:\/\/partner.meraviglialab.com\/lecce\/wp-content\/uploads\/2025\/01\/SEO_Lecce-768x511.jpg\",\"datePublished\":\"2025-01-20T15:47:05+00:00\",\"dateModified\":\"2025-01-20T16:01:14+00:00\",\"description\":\"Digital Marketing Blog: Scopri i segreti del mestiere da chi passa tutto il giorno tutti i giorni facendo questo per attivit\u00e0 come la tua.\",\"breadcrumb\":{\"@id\":\"https:\/\/partner.meraviglialab.com\/lecce\/digital-marketing-blog\/#breadcrumb\"},\"inLanguage\":\"it-IT\",\"potentialAction\":[{\"@type\":\"ReadAction\",\"target\":[\"https:\/\/partner.meraviglialab.com\/lecce\/digital-marketing-blog\/\"]}]},{\"@type\":\"ImageObject\",\"inLanguage\":\"it-IT\",\"@id\":\"https:\/\/partner.meraviglialab.com\/lecce\/digital-marketing-blog\/#primaryimage\",\"url\":\"https:\/\/partner.meraviglialab.com\/lecce\/wp-content\/uploads\/2025\/01\/SEO_Lecce-scaled.jpg\",\"contentUrl\":\"https:\/\/partner.meraviglialab.com\/lecce\/wp-content\/uploads\/2025\/01\/SEO_Lecce-scaled.jpg\",\"width\":2560,\"height\":1702,\"caption\":\"SEO Lecce\"},{\"@type\":\"BreadcrumbList\",\"@id\":\"https:\/\/partner.meraviglialab.com\/lecce\/digital-marketing-blog\/#breadcrumb\",\"itemListElement\":[{\"@type\":\"ListItem\",\"position\":1,\"name\":\"Home\",\"item\":\"https:\/\/partner.meraviglialab.com\/lecce\/\"},{\"@type\":\"ListItem\",\"position\":2,\"name\":\"Blog\"}]},{\"@type\":\"WebSite\",\"@id\":\"https:\/\/partner.meraviglialab.com\/lecce\/#website\",\"url\":\"https:\/\/partner.meraviglialab.com\/lecce\/\",\"name\":\"Agenzia Marketing Lecce - Meraviglia Lab\",\"description\":\"\",\"publisher\":{\"@id\":\"https:\/\/partner.meraviglialab.com\/lecce\/#organization\"},\"potentialAction\":[{\"@type\":\"SearchAction\",\"target\":{\"@type\":\"EntryPoint\",\"urlTemplate\":\"https:\/\/partner.meraviglialab.com\/lecce\/?s={search_term_string}\"},\"query-input\":{\"@type\":\"PropertyValueSpecification\",\"valueRequired\":true,\"valueName\":\"search_term_string\"}}],\"inLanguage\":\"it-IT\"},{\"@type\":\"Organization\",\"@id\":\"https:\/\/partner.meraviglialab.com\/lecce\/#organization\",\"name\":\"Agenzia Marketing Lecce - Meraviglia Lab\",\"url\":\"https:\/\/partner.meraviglialab.com\/lecce\/\",\"logo\":{\"@type\":\"ImageObject\",\"inLanguage\":\"it-IT\",\"@id\":\"https:\/\/partner.meraviglialab.com\/lecce\/#\/schema\/logo\/image\/\",\"url\":\"https:\/\/partner.meraviglialab.com\/lecce\/wp-content\/uploads\/2025\/01\/logo-bianco.png\",\"contentUrl\":\"https:\/\/partner.meraviglialab.com\/lecce\/wp-content\/uploads\/2025\/01\/logo-bianco.png\",\"width\":3459,\"height\":672,\"caption\":\"Agenzia Marketing Lecce - Meraviglia Lab\"},\"image\":{\"@id\":\"https:\/\/partner.meraviglialab.com\/lecce\/#\/schema\/logo\/image\/\"},\"sameAs\":[\"https:\/\/www.facebook.com\/profile.php?id=61565684433582\",\"https:\/\/www.instagram.com\/meraviglia_salento\/\"]}]}<\/script>\n<!-- \/ Yoast SEO plugin. -->","yoast_head_json":{"title":"Blog - Agenzia marketing Lecce","description":"Digital Marketing Blog: Scopri i segreti del mestiere da chi passa tutto il giorno tutti i giorni facendo questo per attivit\u00e0 come la tua.","robots":{"index":"index","follow":"follow","max-snippet":"max-snippet:-1","max-image-preview":"max-image-preview:large","max-video-preview":"max-video-preview:-1"},"canonical":"https:\/\/partner.meraviglialab.com\/lecce\/digital-marketing-blog\/","og_locale":"it_IT","og_type":"article","og_title":"Blog - Agenzia marketing Lecce","og_description":"Digital Marketing Blog: Scopri i segreti del mestiere da chi passa tutto il giorno tutti i giorni facendo questo per attivit\u00e0 come la tua.","og_url":"https:\/\/partner.meraviglialab.com\/lecce\/digital-marketing-blog\/","og_site_name":"Agenzia marketing Lecce","article_publisher":"https:\/\/www.facebook.com\/profile.php?id=61565684433582","article_modified_time":"2025-01-20T16:01:14+00:00","og_image":[{"width":2560,"height":1702,"url":"https:\/\/partner.meraviglialab.com\/lecce\/wp-content\/uploads\/2025\/01\/SEO_Lecce-scaled.jpg","type":"image\/jpeg"}],"twitter_card":"summary_large_image","twitter_misc":{"Tempo di lettura stimato":"1 minuto"},"schema":{"@context":"https:\/\/schema.org","@graph":[{"@type":"WebPage","@id":"https:\/\/partner.meraviglialab.com\/lecce\/digital-marketing-blog\/","url":"https:\/\/partner.meraviglialab.com\/lecce\/digital-marketing-blog\/","name":"Blog - Agenzia marketing Lecce","isPartOf":{"@id":"https:\/\/partner.meraviglialab.com\/lecce\/#website"},"primaryImageOfPage":{"@id":"https:\/\/partner.meraviglialab.com\/lecce\/digital-marketing-blog\/#primaryimage"},"image":{"@id":"https:\/\/partner.meraviglialab.com\/lecce\/digital-marketing-blog\/#primaryimage"},"thumbnailUrl":"https:\/\/partner.meraviglialab.com\/lecce\/wp-content\/uploads\/2025\/01\/SEO_Lecce-768x511.jpg","datePublished":"2025-01-20T15:47:05+00:00","dateModified":"2025-01-20T16:01:14+00:00","description":"Digital Marketing Blog: Scopri i segreti del mestiere da chi passa tutto il giorno tutti i giorni facendo questo per attivit\u00e0 come la tua.","breadcrumb":{"@id":"https:\/\/partner.meraviglialab.com\/lecce\/digital-marketing-blog\/#breadcrumb"},"inLanguage":"it-IT","potentialAction":[{"@type":"ReadAction","target":["https:\/\/partner.meraviglialab.com\/lecce\/digital-marketing-blog\/"]}]},{"@type":"ImageObject","inLanguage":"it-IT","@id":"https:\/\/partner.meraviglialab.com\/lecce\/digital-marketing-blog\/#primaryimage","url":"https:\/\/partner.meraviglialab.com\/lecce\/wp-content\/uploads\/2025\/01\/SEO_Lecce-scaled.jpg","contentUrl":"https:\/\/partner.meraviglialab.com\/lecce\/wp-content\/uploads\/2025\/01\/SEO_Lecce-scaled.jpg","width":2560,"height":1702,"caption":"SEO Lecce"},{"@type":"BreadcrumbList","@id":"https:\/\/partner.meraviglialab.com\/lecce\/digital-marketing-blog\/#breadcrumb","itemListElement":[{"@type":"ListItem","position":1,"name":"Home","item":"https:\/\/partner.meraviglialab.com\/lecce\/"},{"@type":"ListItem","position":2,"name":"Blog"}]},{"@type":"WebSite","@id":"https:\/\/partner.meraviglialab.com\/lecce\/#website","url":"https:\/\/partner.meraviglialab.com\/lecce\/","name":"Agenzia Marketing Lecce - Meraviglia Lab","description":"","publisher":{"@id":"https:\/\/partner.meraviglialab.com\/lecce\/#organization"},"potentialAction":[{"@type":"SearchAction","target":{"@type":"EntryPoint","urlTemplate":"https:\/\/partner.meraviglialab.com\/lecce\/?s={search_term_string}"},"query-input":{"@type":"PropertyValueSpecification","valueRequired":true,"valueName":"search_term_string"}}],"inLanguage":"it-IT"},{"@type":"Organization","@id":"https:\/\/partner.meraviglialab.com\/lecce\/#organization","name":"Agenzia Marketing Lecce - Meraviglia Lab","url":"https:\/\/partner.meraviglialab.com\/lecce\/","logo":{"@type":"ImageObject","inLanguage":"it-IT","@id":"https:\/\/partner.meraviglialab.com\/lecce\/#\/schema\/logo\/image\/","url":"https:\/\/partner.meraviglialab.com\/lecce\/wp-content\/uploads\/2025\/01\/logo-bianco.png","contentUrl":"https:\/\/partner.meraviglialab.com\/lecce\/wp-content\/uploads\/2025\/01\/logo-bianco.png","width":3459,"height":672,"caption":"Agenzia Marketing Lecce - Meraviglia Lab"},"image":{"@id":"https:\/\/partner.meraviglialab.com\/lecce\/#\/schema\/logo\/image\/"},"sameAs":["https:\/\/www.facebook.com\/profile.php?id=61565684433582","https:\/\/www.instagram.com\/meraviglia_salento\/"]}]}},"rttpg_featured_image_url":null,"rttpg_author":{"display_name":"Meraviglialecce","author_link":"https:\/\/partner.meraviglialab.com\/lecce\/author\/meraviglialecce\/"},"rttpg_comment":0,"rttpg_category":"","rttpg_excerpt":"Digital Marketing Blog Scopri i Segreti del Marketing Scopri i segreti del Marketing da chi passa tutto il giorno tutti i giorni facendo questo lavoro per attivit\u00e0 come la tua.Potrai anche richiedere consulenze gratuite, ottenere guide pratiche su come migliorare la tua attivit\u00e0 online, implementare il tuo business con le ultime novit\u00e0 del Digital Marketing.&hellip;","_links":{"self":[{"href":"https:\/\/partner.meraviglialab.com\/lecce\/wp-json\/wp\/v2\/pages\/11339","targetHints":{"allow":["GET"]}}],"collection":[{"href":"https:\/\/partner.meraviglialab.com\/lecce\/wp-json\/wp\/v2\/pages"}],"about":[{"href":"https:\/\/partner.meraviglialab.com\/lecce\/wp-json\/wp\/v2\/types\/page"}],"author":[{"embeddable":true,"href":"https:\/\/partner.meraviglialab.com\/lecce\/wp-json\/wp\/v2\/users\/5"}],"replies":[{"embeddable":true,"href":"https:\/\/partner.meraviglialab.com\/lecce\/wp-json\/wp\/v2\/comments?post=11339"}],"version-history":[{"count":25,"href":"https:\/\/partner.meraviglialab.com\/lecce\/wp-json\/wp\/v2\/pages\/11339\/revisions"}],"predecessor-version":[{"id":11417,"href":"https:\/\/partner.meraviglialab.com\/lecce\/wp-json\/wp\/v2\/pages\/11339\/revisions\/11417"}],"wp:attachment":[{"href":"https:\/\/partner.meraviglialab.com\/lecce\/wp-json\/wp\/v2\/media?parent=11339"}],"curies":[{"name":"wp","href":"https:\/\/api.w.org\/{rel}","templated":true}]}}